{"id":620,"date":"2019-02-09T14:59:46","date_gmt":"2019-02-09T13:59:46","guid":{"rendered":"http:\/\/dornier-siedlung-neuaubing.de\/?page_id=620"},"modified":"2025-04-27T20:04:05","modified_gmt":"2025-04-27T18:04:05","slug":"wir-ueber-uns","status":"publish","type":"page","link":"https:\/\/dornier-siedlung-neuaubing.de\/?page_id=620","title":{"rendered":"Wir \u00fcber uns"},"content":{"rendered":"\n<p class=\"wp-block-paragraph\">Die Gemeinschaft und gemeinsames Feiern und Unternehmungen sind uns wichtig und wir treffen uns mehrmals im Jahr, z.B.<\/p>\n\n\n\n<p class=\"wp-block-paragraph\">&#8230; beim <strong>Sommerfest<\/strong> mit Kaffee &amp; Kuchen sowie leckerem Essen vom Grill<br><style type=\"text\/css\">\n#foogallery-gallery-622 .fg-image { width: 200px; }\n#foogallery-gallery-622 { --fg-gutter: 10px; }<\/style>\n\t\t\t<div class=\"foogallery foogallery-container foogallery-default foogallery-lightbox-foobox fg-center fg-default fg-ready fg-light fg-border-thin fg-shadow-outline fg-loading-default fg-loaded-fade-in fg-caption-hover fg-hover-fade fg-hover-zoom\" id=\"foogallery-gallery-622\" data-foogallery=\"{&quot;item&quot;:{&quot;showCaptionTitle&quot;:true,&quot;showCaptionDescription&quot;:true},&quot;lazy&quot;:true}\" style=\"--fg-title-line-clamp: 0; --fg-description-line-clamp: 0;\" >\n\t<div class=\"fg-item fg-type-image fg-idle\"><figure class=\"fg-item-inner\"><a href=\"https:\/\/dornier-siedlung-neuaubing.de\/wp-content\/uploads\/2018\/09\/IMG_7908.jpg\" data-attachment-id=\"235\" data-type=\"image\" class=\"fg-thumb\"><span class=\"fg-image-wrap\"><img decoding=\"async\" width=\"200\" height=\"200\" class=\"skip-lazy fg-image\" data-src-fg=\"https:\/\/dornier-siedlung-neuaubing.de\/wp-content\/uploads\/cache\/2018\/09\/IMG_7908\/3325760313.jpg\" src=\"data:image\/svg+xml,%3Csvg%20xmlns%3D%22http%3A%2F%2Fwww.w3.org%2F2000%2Fsvg%22%20width%3D%22200%22%20height%3D%22200%22%20viewBox%3D%220%200%20200%20200%22%3E%3C%2Fsvg%3E\" loading=\"eager\"><\/span><span class=\"fg-image-overlay\"><\/span><\/a><\/figure><div class=\"fg-loader\"><\/div><\/div><\/div>\n<\/p>\n\n\n\n<p class=\"wp-block-paragraph\">&#8230;zur <strong>Weihnachtsfeier <\/strong>mit Besuch des Nikolas in der Aubinger Einkehr<br><style type=\"text\/css\">\n#foogallery-gallery-624 .fg-image { width: 200px; }\n#foogallery-gallery-624 { --fg-gutter: 10px; }<\/style>\n\t\t\t<div class=\"foogallery foogallery-container foogallery-default foogallery-lightbox-foobox fg-center fg-default fg-ready fg-light fg-border-thin fg-shadow-outline fg-loading-default fg-loaded-fade-in fg-caption-hover fg-hover-fade fg-hover-zoom\" id=\"foogallery-gallery-624\" data-foogallery=\"{&quot;item&quot;:{&quot;showCaptionTitle&quot;:true,&quot;showCaptionDescription&quot;:true},&quot;lazy&quot;:true}\" style=\"--fg-title-line-clamp: 0; --fg-description-line-clamp: 0;\" >\n\t<div class=\"fg-item fg-type-image fg-idle\"><figure class=\"fg-item-inner\"><a href=\"https:\/\/dornier-siedlung-neuaubing.de\/wp-content\/uploads\/2019\/02\/IMG_4093.jpg\" data-attachment-id=\"625\" data-type=\"image\" class=\"fg-thumb\"><span class=\"fg-image-wrap\"><img decoding=\"async\" width=\"200\" height=\"200\" class=\"skip-lazy fg-image\" data-src-fg=\"https:\/\/dornier-siedlung-neuaubing.de\/wp-content\/uploads\/cache\/2019\/02\/IMG_4093\/3154186303.jpg\" src=\"data:image\/svg+xml,%3Csvg%20xmlns%3D%22http%3A%2F%2Fwww.w3.org%2F2000%2Fsvg%22%20width%3D%22200%22%20height%3D%22200%22%20viewBox%3D%220%200%20200%20200%22%3E%3C%2Fsvg%3E\" loading=\"eager\"><\/span><span class=\"fg-image-overlay\"><\/span><\/a><\/figure><div class=\"fg-loader\"><\/div><\/div><\/div>\n<\/p>\n\n\n\n<p class=\"wp-block-paragraph\">&#8230;zum <strong>Steckerlfisch-Essen<\/strong><br><style type=\"text\/css\">\n#foogallery-gallery-633 .fg-image { width: 200px; }\n#foogallery-gallery-633 { --fg-gutter: 10px; }<\/style>\n\t\t\t<div class=\"foogallery foogallery-container foogallery-default foogallery-lightbox-foobox fg-center fg-default fg-ready fg-light fg-border-thin fg-shadow-outline fg-loading-default fg-loaded-fade-in fg-caption-hover fg-hover-fade fg-hover-zoom\" id=\"foogallery-gallery-633\" data-foogallery=\"{&quot;item&quot;:{&quot;showCaptionTitle&quot;:true,&quot;showCaptionDescription&quot;:true},&quot;lazy&quot;:true}\" style=\"--fg-title-line-clamp: 0; --fg-description-line-clamp: 0;\" >\n\t<div class=\"fg-item fg-type-image fg-idle\"><figure class=\"fg-item-inner\"><a href=\"https:\/\/dornier-siedlung-neuaubing.de\/wp-content\/uploads\/2018\/10\/IMG_1066.jpg\" data-attachment-id=\"493\" data-type=\"image\" class=\"fg-thumb\"><span class=\"fg-image-wrap\"><img decoding=\"async\" width=\"200\" height=\"200\" class=\"skip-lazy fg-image\" data-src-fg=\"https:\/\/dornier-siedlung-neuaubing.de\/wp-content\/uploads\/cache\/2018\/10\/IMG_1066\/3917003974.jpg\" src=\"data:image\/svg+xml,%3Csvg%20xmlns%3D%22http%3A%2F%2Fwww.w3.org%2F2000%2Fsvg%22%20width%3D%22200%22%20height%3D%22200%22%20viewBox%3D%220%200%20200%20200%22%3E%3C%2Fsvg%3E\" loading=\"eager\"><\/span><span class=\"fg-image-overlay\"><\/span><\/a><\/figure><div class=\"fg-loader\"><\/div><\/div><\/div>\n<\/p>\n\n\n\n<p class=\"wp-block-paragraph\">&#8230;an <strong>Silvester <\/strong>um Mitternacht auf dem G\u00f6\u00dfweinsteinplatz, um gemeinsam auf das Neue Jahr anzusto\u00dfen.<br><style type=\"text\/css\">\n#foogallery-gallery-635 .fg-image { width: 200px; }\n#foogallery-gallery-635 { --fg-gutter: 10px; }<\/style>\n\t\t\t<div class=\"foogallery foogallery-container foogallery-default foogallery-lightbox-foobox fg-center fg-default fg-ready fg-light fg-border-thin fg-shadow-outline fg-loading-default fg-loaded-fade-in fg-caption-hover fg-hover-fade fg-hover-zoom\" id=\"foogallery-gallery-635\" data-foogallery=\"{&quot;item&quot;:{&quot;showCaptionTitle&quot;:true,&quot;showCaptionDescription&quot;:true},&quot;lazy&quot;:true}\" style=\"--fg-title-line-clamp: 0; --fg-description-line-clamp: 0;\" >\n\t<div class=\"fg-item fg-type-image fg-idle\"><figure class=\"fg-item-inner\"><a href=\"https:\/\/dornier-siedlung-neuaubing.de\/wp-content\/uploads\/2018\/10\/IMG_5705.jpg\" data-attachment-id=\"522\" data-type=\"image\" class=\"fg-thumb\"><span class=\"fg-image-wrap\"><img decoding=\"async\" width=\"200\" height=\"200\" class=\"skip-lazy fg-image\" data-src-fg=\"https:\/\/dornier-siedlung-neuaubing.de\/wp-content\/uploads\/cache\/2018\/10\/IMG_5705\/806697534.jpg\" src=\"data:image\/svg+xml,%3Csvg%20xmlns%3D%22http%3A%2F%2Fwww.w3.org%2F2000%2Fsvg%22%20width%3D%22200%22%20height%3D%22200%22%20viewBox%3D%220%200%20200%20200%22%3E%3C%2Fsvg%3E\" loading=\"eager\"><\/span><span class=\"fg-image-overlay\"><\/span><\/a><\/figure><div class=\"fg-loader\"><\/div><\/div><\/div>\n<\/p>\n\n\n\n<p class=\"wp-block-paragraph\">Zudem nehmen wir als Verein an Veranstaltungen im Stadtteil teil&#8230;<\/p>\n\n\n\n<p class=\"wp-block-paragraph\">&#8230;am <strong>1. Mai beim Maibaum-Aufstellen <\/strong>in St. Markus ink. Umzug mit der Fahnenabordnung<br><style type=\"text\/css\">\n#foogallery-gallery-637 .fg-image { width: 200px; }\n#foogallery-gallery-637 { --fg-gutter: 10px; }<\/style>\n\t\t\t<div class=\"foogallery foogallery-container foogallery-default foogallery-lightbox-foobox fg-center fg-default fg-ready fg-light fg-border-thin fg-shadow-outline fg-loading-default fg-loaded-fade-in fg-caption-hover fg-hover-fade fg-hover-zoom\" id=\"foogallery-gallery-637\" data-foogallery=\"{&quot;item&quot;:{&quot;showCaptionTitle&quot;:true,&quot;showCaptionDescription&quot;:true},&quot;lazy&quot;:true}\" style=\"--fg-title-line-clamp: 0; --fg-description-line-clamp: 0;\" >\n\t<div class=\"fg-item fg-type-image fg-idle\"><figure class=\"fg-item-inner\"><a href=\"https:\/\/dornier-siedlung-neuaubing.de\/wp-content\/uploads\/2018\/09\/IMG_1143.jpg\" data-caption-title=\"Tag der Vereine - vor dem Umzug\" data-attachment-id=\"174\" data-type=\"image\" class=\"fg-thumb\"><span class=\"fg-image-wrap\"><img decoding=\"async\" title=\"Tag der Vereine - vor dem Umzug\" width=\"200\" height=\"200\" class=\"skip-lazy fg-image\" data-src-fg=\"https:\/\/dornier-siedlung-neuaubing.de\/wp-content\/uploads\/cache\/2018\/09\/IMG_1143\/2177204639.jpg\" src=\"data:image\/svg+xml,%3Csvg%20xmlns%3D%22http%3A%2F%2Fwww.w3.org%2F2000%2Fsvg%22%20width%3D%22200%22%20height%3D%22200%22%20viewBox%3D%220%200%20200%20200%22%3E%3C%2Fsvg%3E\" loading=\"eager\"><\/span><span class=\"fg-image-overlay\"><\/span><\/a><figcaption class=\"fg-caption\"><div class=\"fg-caption-inner\"><div class=\"fg-caption-title\">Tag der Vereine - vor dem Umzug<\/div><\/div><\/figcaption><\/figure><div class=\"fg-loader\"><\/div><\/div><\/div>\n<\/p>\n\n\n\n<p class=\"wp-block-paragraph\">&#8230;beim <strong>Aubinger Herbstfest<\/strong><br><style type=\"text\/css\">\n#foogallery-gallery-627 .fg-image { width: 200px; }\n#foogallery-gallery-627 { --fg-gutter: 10px; }<\/style>\n\t\t\t<div class=\"foogallery foogallery-container foogallery-default foogallery-lightbox-foobox fg-center fg-default fg-ready fg-light fg-border-thin fg-shadow-outline fg-loading-default fg-loaded-fade-in fg-caption-hover fg-hover-fade fg-hover-zoom\" id=\"foogallery-gallery-627\" data-foogallery=\"{&quot;item&quot;:{&quot;showCaptionTitle&quot;:true,&quot;showCaptionDescription&quot;:true},&quot;lazy&quot;:true}\" style=\"--fg-title-line-clamp: 0; --fg-description-line-clamp: 0;\" >\n\t<div class=\"fg-item fg-type-image fg-idle\"><figure class=\"fg-item-inner\"><a href=\"https:\/\/dornier-siedlung-neuaubing.de\/wp-content\/uploads\/2018\/09\/IMG_8064.jpg\" data-attachment-id=\"223\" data-type=\"image\" class=\"fg-thumb\"><span class=\"fg-image-wrap\"><img decoding=\"async\" width=\"200\" height=\"200\" class=\"skip-lazy fg-image\" data-src-fg=\"https:\/\/dornier-siedlung-neuaubing.de\/wp-content\/uploads\/cache\/2018\/09\/IMG_8064\/405535615.jpg\" src=\"data:image\/svg+xml,%3Csvg%20xmlns%3D%22http%3A%2F%2Fwww.w3.org%2F2000%2Fsvg%22%20width%3D%22200%22%20height%3D%22200%22%20viewBox%3D%220%200%20200%20200%22%3E%3C%2Fsvg%3E\" loading=\"eager\"><\/span><span class=\"fg-image-overlay\"><\/span><\/a><\/figure><div class=\"fg-loader\"><\/div><\/div><\/div>\n<\/p>\n\n\n\n<p class=\"wp-block-paragraph\">Seit 2018 organisieren wie jeweils im Fr\u00fchjahr ein <strong>Ramadama <\/strong>bei dem wir in der Siedlung und drum herum Unrat und M\u00fcll einsammeln.<br><style type=\"text\/css\">\n#foogallery-gallery-630 .fg-image { width: 200px; }\n#foogallery-gallery-630 { --fg-gutter: 10px; }<\/style>\n\t\t\t<div class=\"foogallery foogallery-container foogallery-default foogallery-lightbox-foobox fg-center fg-default fg-ready fg-light fg-border-thin fg-shadow-outline fg-loading-default fg-loaded-fade-in fg-caption-hover fg-hover-fade fg-hover-zoom\" id=\"foogallery-gallery-630\" data-foogallery=\"{&quot;item&quot;:{&quot;showCaptionTitle&quot;:true,&quot;showCaptionDescription&quot;:true},&quot;lazy&quot;:true}\" style=\"--fg-title-line-clamp: 0; --fg-description-line-clamp: 0;\" >\n\t<div class=\"fg-item fg-type-image fg-idle\"><figure class=\"fg-item-inner\"><a href=\"https:\/\/dornier-siedlung-neuaubing.de\/wp-content\/uploads\/2019\/02\/IMG_0057.jpg\" data-attachment-id=\"631\" data-type=\"image\" class=\"fg-thumb\"><span class=\"fg-image-wrap\"><img decoding=\"async\" width=\"200\" height=\"200\" class=\"skip-lazy fg-image\" data-src-fg=\"https:\/\/dornier-siedlung-neuaubing.de\/wp-content\/uploads\/cache\/2019\/02\/IMG_0057\/2169934756.jpg\" src=\"data:image\/svg+xml,%3Csvg%20xmlns%3D%22http%3A%2F%2Fwww.w3.org%2F2000%2Fsvg%22%20width%3D%22200%22%20height%3D%22200%22%20viewBox%3D%220%200%20200%20200%22%3E%3C%2Fsvg%3E\" loading=\"eager\"><\/span><span class=\"fg-image-overlay\"><\/span><\/a><\/figure><div class=\"fg-loader\"><\/div><\/div><\/div>\n<br><\/p>\n\n\n\n<p class=\"wp-block-paragraph\">Wir sind immer vor Ort, wenn etwas in unserem Stadtteil passiert und freuen uns \u00fcber Gleichgesinnte aus unserer Nachbarschaft, die unserem Verein beitraten wollen.<\/p>\n\n\n\n<p class=\"wp-block-paragraph\"><a href=\"https:\/\/dornier-siedlung-neuaubing.de\/?page_id=598\" data-type=\"page\" data-id=\"598\">Werden Sie noch heute Mitglied und Teil unserer Gemeinschaft.<\/a><\/p>\n","protected":false},"excerpt":{"rendered":"<p>Die Gemeinschaft und gemeinsames Feiern und Unternehmungen sind uns wichtig und wir treffen uns mehrmals im Jahr, z.B. &#8230; beim Sommerfest mit Kaffee &amp; Kuchen sowie leckerem Essen vom Grill &hellip; <a href=\"https:\/\/dornier-siedlung-neuaubing.de\/?page_id=620\" class=\"more-link\"><span class=\"screen-reader-text\">Wir \u00fcber uns<\/span> weiterlesen<\/a><\/p>\n","protected":false},"author":1,"featured_media":0,"parent":0,"menu_order":0,"comment_status":"closed","ping_status":"closed","template":"","meta":{"_crdt_document":"","footnotes":""},"class_list":["post-620","page","type-page","status-publish","hentry"],"_links":{"self":[{"href":"https:\/\/dornier-siedlung-neuaubing.de\/index.php?rest_route=\/wp\/v2\/pages\/620","targetHints":{"allow":["GET"]}}],"collection":[{"href":"https:\/\/dornier-siedlung-neuaubing.de\/index.php?rest_route=\/wp\/v2\/pages"}],"about":[{"href":"https:\/\/dornier-siedlung-neuaubing.de\/index.php?rest_route=\/wp\/v2\/types\/page"}],"author":[{"embeddable":true,"href":"https:\/\/dornier-siedlung-neuaubing.de\/index.php?rest_route=\/wp\/v2\/users\/1"}],"replies":[{"embeddable":true,"href":"https:\/\/dornier-siedlung-neuaubing.de\/index.php?rest_route=%2Fwp%2Fv2%2Fcomments&post=620"}],"version-history":[{"count":10,"href":"https:\/\/dornier-siedlung-neuaubing.de\/index.php?rest_route=\/wp\/v2\/pages\/620\/revisions"}],"predecessor-version":[{"id":1114,"href":"https:\/\/dornier-siedlung-neuaubing.de\/index.php?rest_route=\/wp\/v2\/pages\/620\/revisions\/1114"}],"wp:attachment":[{"href":"https:\/\/dornier-siedlung-neuaubing.de\/index.php?rest_route=%2Fwp%2Fv2%2Fmedia&parent=620"}],"curies":[{"name":"wp","href":"https:\/\/api.w.org\/{rel}","templated":true}]}}