{"id":612,"date":"2019-02-09T17:59:29","date_gmt":"2019-02-09T16:59:29","guid":{"rendered":"http:\/\/dornier-siedlung-neuaubing.de\/?page_id=612"},"modified":"2019-02-12T14:38:31","modified_gmt":"2019-02-12T13:38:31","slug":"historie","status":"publish","type":"page","link":"https:\/\/dornier-siedlung-neuaubing.de\/?page_id=612","title":{"rendered":"Historie"},"content":{"rendered":"\n<p class=\"wp-block-paragraph\">Entstanden ist unsere Siedlung in den Jahren 1938 bis 1940 nach den Pl\u00e4nen von Franz Ruf f\u00fcr die Mitarbeiter der benachbarten Dornier-Flugzeugwerke, urspr\u00fcnglich als &#8222;Ludwig-Siebert-Siedlung&#8220;<\/p>\n\n\n<style type=\"text\/css\">\n#foogallery-gallery-616 .fg-image { width: 200px; }\n#foogallery-gallery-616 { --fg-gutter: 10px; }<\/style>\n\t\t\t<div class=\"foogallery foogallery-container foogallery-default foogallery-lightbox-foobox fg-center fg-default fg-ready fg-light fg-border-thin fg-shadow-outline fg-loading-default fg-loaded-fade-in fg-caption-hover fg-hover-fade fg-hover-zoom\" id=\"foogallery-gallery-616\" data-foogallery=\"{&quot;item&quot;:{&quot;showCaptionTitle&quot;:true,&quot;showCaptionDescription&quot;:true},&quot;lazy&quot;:true}\" style=\"--fg-title-line-clamp: 0; --fg-description-line-clamp: 0;\" >\n\t<div class=\"fg-item fg-type-image fg-idle\"><figure class=\"fg-item-inner\"><a href=\"https:\/\/dornier-siedlung-neuaubing.de\/wp-content\/uploads\/2019\/02\/Siedlung_markiert3.jpg\" data-attachment-id=\"640\" data-type=\"image\" class=\"fg-thumb\"><span class=\"fg-image-wrap\"><img decoding=\"async\" width=\"200\" height=\"200\" class=\"skip-lazy fg-image\" data-src-fg=\"https:\/\/dornier-siedlung-neuaubing.de\/wp-content\/uploads\/cache\/2019\/02\/Siedlung_markiert3\/4162968980.jpg\" src=\"data:image\/svg+xml,%3Csvg%20xmlns%3D%22http%3A%2F%2Fwww.w3.org%2F2000%2Fsvg%22%20width%3D%22200%22%20height%3D%22200%22%20viewBox%3D%220%200%20200%20200%22%3E%3C%2Fsvg%3E\" loading=\"eager\"><\/span><span class=\"fg-image-overlay\"><\/span><\/a><\/figure><div class=\"fg-loader\"><\/div><\/div><\/div>\n\n\n\n\n<p class=\"wp-block-paragraph\">Die Dornier-Siedlung wird eingegrenzt durch die Dietrichsteinstra\u00dfe im Norden, die Wiesenthauer Stra\u00dfe im Osten, die Aufse\u00dfer Stra\u00dfe , den Aufse\u00dfer Platz und die Giechstra\u00dfe im S\u00fcden und im Westen durch die Ehrenb\u00fcrgstra\u00dfe.<br>Inmitten der Siedlung liegt der G\u00f6\u00dfweinsteinplatz, das Zentrum und Herzst\u00fcck der Dornier-Siedlung mit dem Uhrenturm als Wahrzeichen und dem Gasthof &#8222;Zur Aubinger Einkehr&#8220; mit einem sehr sch\u00f6nen Biergarten.<\/p>\n\n\n\n<p class=\"wp-block-paragraph\">Unsere Siedlung steht unter Ensembleschutz, auch wenn ein Teil der H\u00e4user erweitert und modernisiert, einige auch neu errichtet wurden. Noch heute leben und wohnen hier Nachfahren der ersten Siedler-Generation, aber auch viele neue Nachbarn sind im Lauf der Zeit hinzugekommen, was uns sehr freut.<\/p>\n","protected":false},"excerpt":{"rendered":"<p>Entstanden ist unsere Siedlung in den Jahren 1938 bis 1940 nach den Pl\u00e4nen von Franz Ruf f\u00fcr die Mitarbeiter der benachbarten Dornier-Flugzeugwerke, urspr\u00fcnglich als &#8222;Ludwig-Siebert-Siedlung&#8220; Die Dornier-Siedlung wird eingegrenzt durch &hellip; <a href=\"https:\/\/dornier-siedlung-neuaubing.de\/?page_id=612\" class=\"more-link\"><span class=\"screen-reader-text\">Historie<\/span> weiterlesen<\/a><\/p>\n","protected":false},"author":1,"featured_media":0,"parent":0,"menu_order":0,"comment_status":"closed","ping_status":"closed","template":"","meta":{"_crdt_document":"","footnotes":""},"class_list":["post-612","page","type-page","status-publish","hentry"],"_links":{"self":[{"href":"https:\/\/dornier-siedlung-neuaubing.de\/index.php?rest_route=\/wp\/v2\/pages\/612","targetHints":{"allow":["GET"]}}],"collection":[{"href":"https:\/\/dornier-siedlung-neuaubing.de\/index.php?rest_route=\/wp\/v2\/pages"}],"about":[{"href":"https:\/\/dornier-siedlung-neuaubing.de\/index.php?rest_route=\/wp\/v2\/types\/page"}],"author":[{"embeddable":true,"href":"https:\/\/dornier-siedlung-neuaubing.de\/index.php?rest_route=\/wp\/v2\/users\/1"}],"replies":[{"embeddable":true,"href":"https:\/\/dornier-siedlung-neuaubing.de\/index.php?rest_route=%2Fwp%2Fv2%2Fcomments&post=612"}],"version-history":[{"count":2,"href":"https:\/\/dornier-siedlung-neuaubing.de\/index.php?rest_route=\/wp\/v2\/pages\/612\/revisions"}],"predecessor-version":[{"id":619,"href":"https:\/\/dornier-siedlung-neuaubing.de\/index.php?rest_route=\/wp\/v2\/pages\/612\/revisions\/619"}],"wp:attachment":[{"href":"https:\/\/dornier-siedlung-neuaubing.de\/index.php?rest_route=%2Fwp%2Fv2%2Fmedia&parent=612"}],"curies":[{"name":"wp","href":"https:\/\/api.w.org\/{rel}","templated":true}]}}