{"id":598,"date":"2019-02-09T16:57:07","date_gmt":"2019-02-09T15:57:07","guid":{"rendered":"http:\/\/dornier-siedlung-neuaubing.de\/?page_id=598"},"modified":"2025-12-07T14:47:12","modified_gmt":"2025-12-07T13:47:12","slug":"unser-verein","status":"publish","type":"page","link":"https:\/\/dornier-siedlung-neuaubing.de\/?page_id=598","title":{"rendered":"Unser Verein"},"content":{"rendered":"\n<p class=\"has-luminous-vivid-amber-background-color has-background wp-block-paragraph\">Wie sind immer auf der Suche nach neuen Mitgliedern f\u00fcr unseren Verein und freuen uns auch \u00fcber &#8222;Nicht-Eigenheimer&#8220; in Form einer F\u00f6rdermitgliedschaft &#8211; alle Nachbarn und Interessenten sind bei uns herzlich willkommen.<\/p>\n\n\n\n<p class=\"has-medium-font-size wp-block-paragraph\">Jahresbeitrag f\u00fcr unseren Verein:<\/p>\n\n\n\n<ul class=\"wp-block-list\">\n<li>f\u00fcr Eigenheimer inkl. der Vorteile im Rahmen einer Mitgliedschaft beim Verband \u20ac42,- (<a href=\"https:\/\/dornier-siedlung-neuaubing.de\/wp-content\/uploads\/2025\/12\/Beitrittserklaerung_2026.pdf\" data-type=\"link\" data-id=\"https:\/\/dornier-siedlung-neuaubing.de\/wp-content\/uploads\/2025\/04\/Beitrittserklaerung_2025.pdf\" target=\"_blank\" rel=\"noreferrer noopener\">Beitrittserkl\u00e4rung [pdf]<\/a>)<\/li>\n\n\n\n<li>f\u00fcr F\u00f6rdermitglieder \u20ac12,- (<a href=\"https:\/\/dornier-siedlung-neuaubing.de\/wp-content\/uploads\/2023\/05\/BeitrittserklaerungFoe_2023.pdf\" data-type=\"link\" data-id=\"https:\/\/dornier-siedlung-neuaubing.de\/wp-content\/uploads\/2023\/05\/BeitrittserklaerungFoe_2023.pdf\">Beitrittserkl\u00e4rung [pdf]<\/a>)<\/li>\n<\/ul>\n\n\n\n<p class=\"has-medium-font-size wp-block-paragraph\">Kontakt:<\/p>\n\n\n\n<p class=\"wp-block-paragraph\">Siedlerverein der DORNIER \u2013 Eigenheimer im Eigenheimerverband Bayern e.V.<\/p>\n\n\n\n<p class=\"wp-block-paragraph\">vertreten durch 1. Vorstand<br><em>Antje Brandl<br>Dietrichsteinstra\u00dfe 12<br>81249 M\u00fcnchen<br>Tel. 089 \/ 359 81 49<\/em><br><\/p>\n\n\n\n<p class=\"wp-block-paragraph\">vertreten durch 2. Vorstand<br><em>Christian Weinhart<br>Tel. <\/em>0172 \/ 140 69 60<\/p>\n","protected":false},"excerpt":{"rendered":"<p>Wie sind immer auf der Suche nach neuen Mitgliedern f\u00fcr unseren Verein und freuen uns auch \u00fcber &#8222;Nicht-Eigenheimer&#8220; in Form einer F\u00f6rdermitgliedschaft &#8211; alle Nachbarn und Interessenten sind bei uns &hellip; <a href=\"https:\/\/dornier-siedlung-neuaubing.de\/?page_id=598\" class=\"more-link\"><span class=\"screen-reader-text\">Unser Verein<\/span> weiterlesen<\/a><\/p>\n","protected":false},"author":1,"featured_media":0,"parent":0,"menu_order":0,"comment_status":"closed","ping_status":"closed","template":"","meta":{"_crdt_document":"","footnotes":""},"class_list":["post-598","page","type-page","status-publish","hentry"],"_links":{"self":[{"href":"https:\/\/dornier-siedlung-neuaubing.de\/index.php?rest_route=\/wp\/v2\/pages\/598","targetHints":{"allow":["GET"]}}],"collection":[{"href":"https:\/\/dornier-siedlung-neuaubing.de\/index.php?rest_route=\/wp\/v2\/pages"}],"about":[{"href":"https:\/\/dornier-siedlung-neuaubing.de\/index.php?rest_route=\/wp\/v2\/types\/page"}],"author":[{"embeddable":true,"href":"https:\/\/dornier-siedlung-neuaubing.de\/index.php?rest_route=\/wp\/v2\/users\/1"}],"replies":[{"embeddable":true,"href":"https:\/\/dornier-siedlung-neuaubing.de\/index.php?rest_route=%2Fwp%2Fv2%2Fcomments&post=598"}],"version-history":[{"count":28,"href":"https:\/\/dornier-siedlung-neuaubing.de\/index.php?rest_route=\/wp\/v2\/pages\/598\/revisions"}],"predecessor-version":[{"id":1159,"href":"https:\/\/dornier-siedlung-neuaubing.de\/index.php?rest_route=\/wp\/v2\/pages\/598\/revisions\/1159"}],"wp:attachment":[{"href":"https:\/\/dornier-siedlung-neuaubing.de\/index.php?rest_route=%2Fwp%2Fv2%2Fmedia&parent=598"}],"curies":[{"name":"wp","href":"https:\/\/api.w.org\/{rel}","templated":true}]}}