{"id":2,"date":"2016-05-10T03:48:21","date_gmt":"2016-05-10T03:48:21","guid":{"rendered":"http:\/\/dornier-siedlung-neuaubing.de\/?page_id=2"},"modified":"2019-02-11T17:21:59","modified_gmt":"2019-02-11T16:21:59","slug":"sample-page","status":"publish","type":"page","link":"https:\/\/dornier-siedlung-neuaubing.de\/","title":{"rendered":""},"content":{"rendered":"\n<p class=\"wp-block-paragraph\">Wir sind Mitglied beim Eigenheimerverband Bayern e.V., einer gemeinn\u00fctzigen, \u00fcberparteilichen Betreuungsorganisation mit ca. 80.000 Mitgliedern und ca. 400 Ortsvereinigungen in Bayern.<br>Unsere Mitglieder haben im Rahmen einer Mitgliedschaft viele Vorteile:<\/p>\n\n\n\n<ul class=\"wp-block-list\"><li>Interessenvertretung der Eigenheimer<\/li><li>Rechtsberatung in allen mit dem Haus- und Grundbesitz zusammenh\u00e4ngenden Rechts- , Steuer- und Versicherungsfragen<\/li><li>Beratung f\u00fcr Bauherren<\/li><li>Gartenfachliche Beratung<\/li><li>Haus- und Grundst\u00fcckshaftpflichtversicherung<\/li><li>Bauherrenhaftpflichversicherung<\/li><li>Zeitschrift &#8222;Siedlung und Eigenheim&#8220; (monatlich)<\/li><\/ul>\n\n\n<h3>Anstehende Termine und Veranstaltungen<\/h3>\n<ul class=\"ecs-event-list\"><li class=\"ecs-event biergarten_ecs_category\"><h4 class=\"entry-title summary\"><a href=\"https:\/\/dornier-siedlung-neuaubing.de\/?tribe_events=biergartentreff-in-der-aubinger-einkehr-5\" rel=\"bookmark\">Stammtisch in der Aubinger Einkehr<\/a><\/h4><p class=\"ecs-excerpt\">Wir treffen uns jeden zweiten Mittwoch des Monats in ungezwungener Runde ab 17:00 Uhr in der Aubinge...<\/p><span class=\"duration time\"><span class=\"tribe-event-date-start\">13. Mai, 17:00<\/span> - <span class=\"tribe-event-time\">22:00<\/span><\/span><\/li><li class=\"ecs-event daemmerschoppen_ecs_category\"><h4 class=\"entry-title summary\"><a href=\"https:\/\/dornier-siedlung-neuaubing.de\/?tribe_events=daemmerschoppen-9\" rel=\"bookmark\">D\u00e4mmerschoppen<\/a><\/h4><p class=\"ecs-excerpt\">Jeden letzten Freitag im Monat treffen wir uns zum Ratschen in der Aubinger Einkehr<\/p><span class=\"duration time\"><span class=\"tribe-event-date-start\">29. Mai, 18:00<\/span> - <span class=\"tribe-event-time\">22:00<\/span><\/span><\/li><\/ul><script type=\"application\/ld+json\">\r\n[{\"@context\":\"http:\/\/schema.org\",\"@type\":\"Event\",\"name\":\"Stammtisch in der Aubinger Einkehr\",\"description\":\"&lt;p&gt;Wir treffen uns jeden zweiten Mittwoch des Monats in ungezwungener Runde ab 17:00 Uhr in der Aubinger Einkehr (bei warmen Wetter gerne drau\\u00dfen)&lt;\/p&gt;\\\\n\",\"image\":\"https:\/\/dornier-siedlung-neuaubing.de\/wp-content\/uploads\/2023\/04\/Zur-Aubinger-Einkehr-Eingang-scaled-1.jpg\",\"url\":\"https:\/\/dornier-siedlung-neuaubing.de\/?tribe_events=biergartentreff-in-der-aubinger-einkehr-5\",\"eventAttendanceMode\":\"https:\/\/schema.org\/OfflineEventAttendanceMode\",\"eventStatus\":\"https:\/\/schema.org\/EventScheduled\",\"startDate\":\"2026-05-13T17:00:00+02:00\",\"endDate\":\"2026-05-13T22:00:00+02:00\",\"location\":{\"@type\":\"Place\",\"name\":\"Aubinger Einkehr\",\"description\":\"\",\"url\":\"\",\"address\":{\"@type\":\"PostalAddress\",\"streetAddress\":\"G\\u00f6\\u00dfweinsteinpl. 7, 81249 M\\u00fcnchen\",\"addressLocality\":\"M\\u00fcnchen\",\"postalCode\":\"81249\",\"addressCountry\":\"Deutschland\"},\"telephone\":\"\",\"sameAs\":\"https:\/\/www.aubinger-einkehr-muenchen.de\"},\"performer\":\"Organization\"},{\"@context\":\"http:\/\/schema.org\",\"@type\":\"Event\",\"name\":\"D\\u00e4mmerschoppen\",\"description\":\"&lt;p&gt;Jeden letzten Freitag im Monat treffen wir uns zum Ratschen in der Aubinger Einkehr&lt;\/p&gt;\\\\n\",\"image\":\"https:\/\/dornier-siedlung-neuaubing.de\/wp-content\/uploads\/2025\/04\/Aubinger-Einkehr-Wirtschaft-e1745776749443.jpg\",\"url\":\"https:\/\/dornier-siedlung-neuaubing.de\/?tribe_events=daemmerschoppen-9\",\"eventAttendanceMode\":\"https:\/\/schema.org\/OfflineEventAttendanceMode\",\"eventStatus\":\"https:\/\/schema.org\/EventScheduled\",\"startDate\":\"2026-05-29T18:00:00+02:00\",\"endDate\":\"2026-05-29T22:00:00+02:00\",\"location\":{\"@type\":\"Place\",\"name\":\"Aubinger Einkehr\",\"description\":\"\",\"url\":\"\",\"address\":{\"@type\":\"PostalAddress\",\"streetAddress\":\"G\\u00f6\\u00dfweinsteinpl. 7, 81249 M\\u00fcnchen\",\"addressLocality\":\"M\\u00fcnchen\",\"postalCode\":\"81249\",\"addressCountry\":\"Deutschland\"},\"telephone\":\"\",\"sameAs\":\"https:\/\/www.aubinger-einkehr-muenchen.de\"},\"performer\":\"Organization\"}]\r\n<\/script><!--\n Event listing powered by The Events Calendar Shortcode\n https:\/\/eventcalendarnewsletter.com\/the-events-calendar-shortcode\/ \n-->\n<h3>Zuletzt<\/h3>\n<ul class=\"display-posts-listing\"><li class=\"listing-item\"><a class=\"title\" href=\"https:\/\/dornier-siedlung-neuaubing.de\/?p=1214\">Christbaumabschm\u00fccken bei Familie Maull und Familie F\u00fcrst<\/a> <span class=\"date\">, Januar 2026<\/span><\/li><li class=\"listing-item\"><a class=\"title\" href=\"https:\/\/dornier-siedlung-neuaubing.de\/?p=1196\">Adventsfeier 2025<\/a> <span class=\"date\">, Dezember 2025<\/span><\/li><li class=\"listing-item\"><a class=\"title\" href=\"https:\/\/dornier-siedlung-neuaubing.de\/?p=1179\">Sommerfest 2025<\/a> <span class=\"date\">, Juli 2025<\/span><\/li><li class=\"listing-item\"><a class=\"title\" href=\"https:\/\/dornier-siedlung-neuaubing.de\/?p=1167\">Erinnerungszeichen f\u00fcr Zwangsarbeiter*innen des Reichsbahnlagers Neuaubing, Ehrenb\u00fcrgstra\u00dfe 9<\/a> <span class=\"date\">, Juli 2025<\/span><\/li><li class=\"listing-item\"><a class=\"title\" href=\"https:\/\/dornier-siedlung-neuaubing.de\/?p=1130\">Wei\u00dfwurstessen 2025<\/a> <span class=\"date\">, April 2025<\/span><\/li><\/ul>","protected":false},"excerpt":{"rendered":"<p>Wir sind Mitglied beim Eigenheimerverband Bayern e.V., einer gemeinn\u00fctzigen, \u00fcberparteilichen Betreuungsorganisation mit ca. 80.000 Mitgliedern und ca. 400 Ortsvereinigungen in Bayern.Unsere Mitglieder haben im Rahmen einer Mitgliedschaft viele Vorteile: Interessenvertretung &hellip; <a href=\"https:\/\/dornier-siedlung-neuaubing.de\/?p=1130\" class=\"more-link\"><span class=\"screen-reader-text\">Wei\u00dfwurstessen 2025<\/span> weiterlesen<\/a><\/p>\n","protected":false},"author":1,"featured_media":0,"parent":0,"menu_order":0,"comment_status":"closed","ping_status":"open","template":"","meta":{"_crdt_document":"","footnotes":""},"class_list":["post-2","page","type-page","status-publish","hentry"],"_links":{"self":[{"href":"https:\/\/dornier-siedlung-neuaubing.de\/index.php?rest_route=\/wp\/v2\/pages\/2","targetHints":{"allow":["GET"]}}],"collection":[{"href":"https:\/\/dornier-siedlung-neuaubing.de\/index.php?rest_route=\/wp\/v2\/pages"}],"about":[{"href":"https:\/\/dornier-siedlung-neuaubing.de\/index.php?rest_route=\/wp\/v2\/types\/page"}],"author":[{"embeddable":true,"href":"https:\/\/dornier-siedlung-neuaubing.de\/index.php?rest_route=\/wp\/v2\/users\/1"}],"replies":[{"embeddable":true,"href":"https:\/\/dornier-siedlung-neuaubing.de\/index.php?rest_route=%2Fwp%2Fv2%2Fcomments&post=2"}],"version-history":[{"count":17,"href":"https:\/\/dornier-siedlung-neuaubing.de\/index.php?rest_route=\/wp\/v2\/pages\/2\/revisions"}],"predecessor-version":[{"id":607,"href":"https:\/\/dornier-siedlung-neuaubing.de\/index.php?rest_route=\/wp\/v2\/pages\/2\/revisions\/607"}],"wp:attachment":[{"href":"https:\/\/dornier-siedlung-neuaubing.de\/index.php?rest_route=%2Fwp%2Fv2%2Fmedia&parent=2"}],"curies":[{"name":"wp","href":"https:\/\/api.w.org\/{rel}","templated":true}]}}