{"id":13,"date":"2018-09-12T16:28:35","date_gmt":"2018-09-12T16:28:35","guid":{"rendered":"http:\/\/dornier-siedlung-neuaubing.de\/?page_id=13"},"modified":"2018-09-16T12:45:51","modified_gmt":"2018-09-16T10:45:51","slug":"termine","status":"publish","type":"page","link":"https:\/\/dornier-siedlung-neuaubing.de\/?page_id=13","title":{"rendered":"Termine"},"content":{"rendered":"<!=========Events Timeline Template 2.6.2=========><div id=\"event-timeline-wrapper\" class=\"all style-1\"><div class=\"cool-event-timeline\"><div class=\"ect-timeline-year\">\n\t\t\t\t\t\t<div class=\"year-placeholder\"><!-- Month \/ Year Headers --><span class='month-year-box'>Mai 2026<\/span><\/div>\n\t\t\t\t\t\t<\/div><div id=\"post-928\" class=\"ect-timeline-post even ect-simple-event style-1 future\"><div class=\"timeline-dots\"><\/div><div class=\"timeline-content even\"><div class=\"ect-timeline-header\"><a class=\"timeline-ev-img\" href=\"https:\/\/dornier-siedlung-neuaubing.de\/?tribe_events=biergartentreff-in-der-aubinger-einkehr-5\"><img src= \"https:\/\/dornier-siedlung-neuaubing.de\/wp-content\/uploads\/2023\/04\/Zur-Aubinger-Einkehr-Eingang-scaled-1.jpg\"\/><\/a><\/div><div class=\"ect-timeline-main-content\"><div class=\"ect-timeline-date\"><div class=\"ect-date-area timeline-schedule\"><span class=\"ev-day\">13<\/span>\n\t\t\t\t\t\t\t\t\t<span class=\"ev-mo\">Mai<\/span>\n\t\t\t\t\t\t\t\t\t<span class=\"ev-yr\">2026<\/span>\n\t\t\t\t\t\t\t\t\t<span class=\"ev-time\"><span class=\"ect-icon\"><i class=\"ect-icon-clock\"><\/i><\/span> 17:00 - 22:00<\/span>\n\t\t\t\t\t\t\t\t\t<\/div><\/div><h2 class=\"content-title\"><a class=\"ect-event-url\" href=\"https:\/\/dornier-siedlung-neuaubing.de\/?tribe_events=biergartentreff-in-der-aubinger-einkehr-5\" rel=\"bookmark\">Stammtisch in der Aubinger Einkehr<\/a><\/h2><!-- Event Content --><div class=\"ect-event-content\"><p>Wir treffen uns jeden zweiten Mittwoch des Monats in ungezwungener Runde ab 17:00 Uhr in der Aubinger Einkehr (bei warmen Wetter gerne drau\u00dfen)<\/p>\n<\/div><div class=\"timeline-venue\"><span class=\"ect-icon\"><i class=\"ect-icon-location\"><\/i><\/span><!-- Event Venue Info -->\n\t\t\t\t\t\t\t<span class=\"ect-venue-details ect-address\">\n\t\t\t\t\t\t\t<div>Aubinger Einkehr,<span class=\"tribe-address\">\n\n<span class=\"tribe-street-address\">G\u00f6\u00dfweinsteinpl. 7, 81249 M\u00fcnchen<\/span>\n\t\n\t\t<br>\n\t\t<span class=\"tribe-locality\">M\u00fcnchen<\/span><span class=\"tribe-delimiter\">,<\/span>\n\n\n\t<span class=\"tribe-postal-code\">81249<\/span>\n\n\t<span class=\"tribe-country-name\">Deutschland<\/span>\n\n<\/span>\n<\/div><span class=\"ect-google\"><a class=\"tribe-events-gmap\" href=\"https:\/\/maps.google.com\/maps?f=q&#038;source=s_q&#038;hl=en&#038;geocode=&#038;q=G%C3%B6%C3%9Fweinsteinpl.+7%2C+81249+M%C3%BCnchen+M%C3%BCnchen+81249+Deutschland\" title=\"Klicken, um Google Karte anzuzeigen\" target=\"_blank\" rel=\"noreferrer noopener\">Google Karte anzeigen<\/a><\/span><\/span><\/div><\/div>      <div class=\"ect-lslist-event-detail\">\n\t        <a href=\"https:\/\/dornier-siedlung-neuaubing.de\/?tribe_events=biergartentreff-in-der-aubinger-einkehr-5\" title=\"Stammtisch in der Aubinger Einkehr\" rel=\"bookmark\">Find out more<\/a>\n\t        <\/div><\/div><\/div><div id=\"post-941\" class=\"ect-timeline-post odd ect-simple-event style-1 future\"><div class=\"timeline-dots\"><\/div><div class=\"timeline-content odd\"><div class=\"ect-timeline-header\"><a class=\"timeline-ev-img\" href=\"https:\/\/dornier-siedlung-neuaubing.de\/?tribe_events=daemmerschoppen-9\"><img src= \"https:\/\/dornier-siedlung-neuaubing.de\/wp-content\/uploads\/2025\/04\/Aubinger-Einkehr-Wirtschaft-1024x768.jpg\"\/><\/a><\/div><div class=\"ect-timeline-main-content\"><div class=\"ect-timeline-date\"><div class=\"ect-date-area timeline-schedule\"><span class=\"ev-day\">29<\/span>\n\t\t\t\t\t\t\t\t\t<span class=\"ev-mo\">Mai<\/span>\n\t\t\t\t\t\t\t\t\t<span class=\"ev-yr\">2026<\/span>\n\t\t\t\t\t\t\t\t\t<span class=\"ev-time\"><span class=\"ect-icon\"><i class=\"ect-icon-clock\"><\/i><\/span> 18:00 - 22:00<\/span>\n\t\t\t\t\t\t\t\t\t<\/div><\/div><h2 class=\"content-title\"><a class=\"ect-event-url\" href=\"https:\/\/dornier-siedlung-neuaubing.de\/?tribe_events=daemmerschoppen-9\" rel=\"bookmark\">D\u00e4mmerschoppen<\/a><\/h2><!-- Event Content --><div class=\"ect-event-content\"><p>Jeden letzten Freitag im Monat treffen wir uns zum Ratschen in der Aubinger Einkehr<\/p>\n<\/div><div class=\"timeline-venue\"><span class=\"ect-icon\"><i class=\"ect-icon-location\"><\/i><\/span><!-- Event Venue Info -->\n\t\t\t\t\t\t\t<span class=\"ect-venue-details ect-address\">\n\t\t\t\t\t\t\t<div>Aubinger Einkehr,<span class=\"tribe-address\">\n\n<span class=\"tribe-street-address\">G\u00f6\u00dfweinsteinpl. 7, 81249 M\u00fcnchen<\/span>\n\t\n\t\t<br>\n\t\t<span class=\"tribe-locality\">M\u00fcnchen<\/span><span class=\"tribe-delimiter\">,<\/span>\n\n\n\t<span class=\"tribe-postal-code\">81249<\/span>\n\n\t<span class=\"tribe-country-name\">Deutschland<\/span>\n\n<\/span>\n<\/div><span class=\"ect-google\"><a class=\"tribe-events-gmap\" href=\"https:\/\/maps.google.com\/maps?f=q&#038;source=s_q&#038;hl=en&#038;geocode=&#038;q=G%C3%B6%C3%9Fweinsteinpl.+7%2C+81249+M%C3%BCnchen+M%C3%BCnchen+81249+Deutschland\" title=\"Klicken, um Google Karte anzuzeigen\" target=\"_blank\" rel=\"noreferrer noopener\">Google Karte anzeigen<\/a><\/span><\/span><\/div><\/div>      <div class=\"ect-lslist-event-detail\">\n\t        <a href=\"https:\/\/dornier-siedlung-neuaubing.de\/?tribe_events=daemmerschoppen-9\" title=\"D\u00e4mmerschoppen\" rel=\"bookmark\">Find out more<\/a>\n\t        <\/div><\/div><\/div><\/div><\/div>\n","protected":false},"excerpt":{"rendered":"","protected":false},"author":1,"featured_media":0,"parent":0,"menu_order":0,"comment_status":"closed","ping_status":"closed","template":"","meta":{"_crdt_document":"","footnotes":""},"class_list":["post-13","page","type-page","status-publish","hentry","cat_daemmerschoppen"],"_links":{"self":[{"href":"https:\/\/dornier-siedlung-neuaubing.de\/index.php?rest_route=\/wp\/v2\/pages\/13","targetHints":{"allow":["GET"]}}],"collection":[{"href":"https:\/\/dornier-siedlung-neuaubing.de\/index.php?rest_route=\/wp\/v2\/pages"}],"about":[{"href":"https:\/\/dornier-siedlung-neuaubing.de\/index.php?rest_route=\/wp\/v2\/types\/page"}],"author":[{"embeddable":true,"href":"https:\/\/dornier-siedlung-neuaubing.de\/index.php?rest_route=\/wp\/v2\/users\/1"}],"replies":[{"embeddable":true,"href":"https:\/\/dornier-siedlung-neuaubing.de\/index.php?rest_route=%2Fwp%2Fv2%2Fcomments&post=13"}],"version-history":[{"count":6,"href":"https:\/\/dornier-siedlung-neuaubing.de\/index.php?rest_route=\/wp\/v2\/pages\/13\/revisions"}],"predecessor-version":[{"id":53,"href":"https:\/\/dornier-siedlung-neuaubing.de\/index.php?rest_route=\/wp\/v2\/pages\/13\/revisions\/53"}],"wp:attachment":[{"href":"https:\/\/dornier-siedlung-neuaubing.de\/index.php?rest_route=%2Fwp%2Fv2%2Fmedia&parent=13"}],"curies":[{"name":"wp","href":"https:\/\/api.w.org\/{rel}","templated":true}]}}