{"id":12,"date":"2018-09-12T16:28:35","date_gmt":"2018-09-12T16:28:35","guid":{"rendered":"http:\/\/dornier-siedlung-neuaubing.de\/?page_id=12"},"modified":"2018-10-05T20:16:40","modified_gmt":"2018-10-05T18:16:40","slug":"aktuelles","status":"publish","type":"page","link":"https:\/\/dornier-siedlung-neuaubing.de\/?page_id=12","title":{"rendered":"Zuletzt"},"content":{"rendered":"\r\n\t\t<div class=\"sp_wpspwpost_static wpspw-design-1 wpspw-grid-1 wpspw-clearfix \">\r\n\r\n\t\t\t\r\n<div class=\"wpspw-post-grid wpspw-medium-12 wpspw-columns \">\r\n\t<div class=\"wpspw-post-grid-content no-thumb-image \">\r\n\r\n\t\t\r\n\t\t<h2 class=\"wpspw-post-title\">\r\n\t\t\t<a href=\"https:\/\/dornier-siedlung-neuaubing.de\/?p=1214\">Christbaumabschm\u00fccken bei Familie Maull und Familie F\u00fcrst<\/a>\r\n\t\t<\/h2>\r\n\r\n\t\t\t\t\t<div class=\"wpspw-post-date\">\r\n\t\t\t\t04.01.2026\t\t\t<\/div>\r\n\t\t\t\t\t<div class=\"wpspw-post-content\">\r\n\t\t\t\t\t\t\t\t\t<div>\r\n\t\t\t\t\t\tTraditioneller Ausklang: Christbaum-Abschm\u00fccken in geselliger Runde Auch in diesem Jahr fand die Adventszeit ihren gem\u00fctlichen Abschluss in einer liebgewonnenen Tradition....\t\t\t\t\t<\/div>\r\n\t\t\t\t\t<a class=\"wpspw-readmorebtn\" href=\"https:\/\/dornier-siedlung-neuaubing.de\/?p=1214\">Read More<\/a>\r\n\t\t\t\t\t\t\t<\/div>\r\n\t\t\t<\/div>\r\n<\/div>\r\n<div class=\"wpspw-post-grid wpspw-medium-12 wpspw-columns \">\r\n\t<div class=\"wpspw-post-grid-content  \">\r\n\r\n\t\t\t\t\t<div class=\"wpspw-post-image-bg\">\r\n\t\t\t\t<a href=\"https:\/\/dornier-siedlung-neuaubing.de\/?p=1196\">\r\n\t\t\t\t\t<img decoding=\"async\" src=\"https:\/\/dornier-siedlung-neuaubing.de\/wp-content\/uploads\/2026\/03\/20251206_171623-scaled.jpg\" alt=\"Adventsfeier 2025\" \/>\r\n\t\t\t\t<\/a>\r\n\t\t\t<\/div>\r\n\t\t\r\n\t\t<h2 class=\"wpspw-post-title\">\r\n\t\t\t<a href=\"https:\/\/dornier-siedlung-neuaubing.de\/?p=1196\">Adventsfeier 2025<\/a>\r\n\t\t<\/h2>\r\n\r\n\t\t\t\t\t<div class=\"wpspw-post-date\">\r\n\t\t\t\t06.12.2025\t\t\t<\/div>\r\n\t\t\t\t\t<div class=\"wpspw-post-content\">\r\n\t\t\t\t\t\t\t\t\t<div>\r\n\t\t\t\t\t\tDie traditionelle Adventsfeier stand vor der T\u00fcr. Auch im Jahr 2025 kamen zahlreiche G\u00e4ste zusammen, um gemeinsam ein paar besinnliche...\t\t\t\t\t<\/div>\r\n\t\t\t\t\t<a class=\"wpspw-readmorebtn\" href=\"https:\/\/dornier-siedlung-neuaubing.de\/?p=1196\">Read More<\/a>\r\n\t\t\t\t\t\t\t<\/div>\r\n\t\t\t<\/div>\r\n<\/div>\r\n<div class=\"wpspw-post-grid wpspw-medium-12 wpspw-columns \">\r\n\t<div class=\"wpspw-post-grid-content  \">\r\n\r\n\t\t\t\t\t<div class=\"wpspw-post-image-bg\">\r\n\t\t\t\t<a href=\"https:\/\/dornier-siedlung-neuaubing.de\/?p=1179\">\r\n\t\t\t\t\t<img decoding=\"async\" src=\"https:\/\/dornier-siedlung-neuaubing.de\/wp-content\/uploads\/2026\/03\/20250719_161452-scaled.jpg\" alt=\"Sommerfest 2025\" \/>\r\n\t\t\t\t<\/a>\r\n\t\t\t<\/div>\r\n\t\t\r\n\t\t<h2 class=\"wpspw-post-title\">\r\n\t\t\t<a href=\"https:\/\/dornier-siedlung-neuaubing.de\/?p=1179\">Sommerfest 2025<\/a>\r\n\t\t<\/h2>\r\n\r\n\t\t\t\t\t<div class=\"wpspw-post-date\">\r\n\t\t\t\t19.07.2025\t\t\t<\/div>\r\n\t\t\t\t\t<div class=\"wpspw-post-content\">\r\n\t\t\t\t\t\t\t\t\t<div>\r\n\t\t\t\t\t\t75 Jahre Gemeinschaft: Ein unaufgeregtes Jubil\u00e4um im Herzen der Siedlung Nur einen Tag nachdem in der Neuaubinger Dornier-Siedlung die historischen...\t\t\t\t\t<\/div>\r\n\t\t\t\t\t<a class=\"wpspw-readmorebtn\" href=\"https:\/\/dornier-siedlung-neuaubing.de\/?p=1179\">Read More<\/a>\r\n\t\t\t\t\t\t\t<\/div>\r\n\t\t\t<\/div>\r\n<\/div>\r\n<div class=\"wpspw-post-grid wpspw-medium-12 wpspw-columns \">\r\n\t<div class=\"wpspw-post-grid-content  \">\r\n\r\n\t\t\t\t\t<div class=\"wpspw-post-image-bg\">\r\n\t\t\t\t<a href=\"https:\/\/dornier-siedlung-neuaubing.de\/?p=1167\">\r\n\t\t\t\t\t<img decoding=\"async\" src=\"https:\/\/dornier-siedlung-neuaubing.de\/wp-content\/uploads\/2026\/03\/EZ-142-Ehrenbuergstr_header.jpg\" alt=\"Erinnerungszeichen f\u00fcr Zwangsarbeiter*innen des Reichsbahnlagers Neuaubing, Ehrenb\u00fcrgstra\u00dfe 9\" \/>\r\n\t\t\t\t<\/a>\r\n\t\t\t<\/div>\r\n\t\t\r\n\t\t<h2 class=\"wpspw-post-title\">\r\n\t\t\t<a href=\"https:\/\/dornier-siedlung-neuaubing.de\/?p=1167\">Erinnerungszeichen f\u00fcr Zwangsarbeiter*innen des Reichsbahnlagers Neuaubing, Ehrenb\u00fcrgstra\u00dfe 9<\/a>\r\n\t\t<\/h2>\r\n\r\n\t\t\t\t\t<div class=\"wpspw-post-date\">\r\n\t\t\t\t18.07.2025\t\t\t<\/div>\r\n\t\t\t\t\t<div class=\"wpspw-post-content\">\r\n\t\t\t\t\t\t\t\t\t<div>\r\n\t\t\t\t\t\tGedenken an die Vergessenen: Einweihung der Erinnerungszeichen in Neuaubing In einer feierlichen Zeremonie wurden in Neuaubing neue Erinnerungszeichen eingeweiht, die...\t\t\t\t\t<\/div>\r\n\t\t\t\t\t<a class=\"wpspw-readmorebtn\" href=\"https:\/\/dornier-siedlung-neuaubing.de\/?p=1167\">Read More<\/a>\r\n\t\t\t\t\t\t\t<\/div>\r\n\t\t\t<\/div>\r\n<\/div>\r\n<div class=\"wpspw-post-grid wpspw-medium-12 wpspw-columns \">\r\n\t<div class=\"wpspw-post-grid-content  \">\r\n\r\n\t\t\t\t\t<div class=\"wpspw-post-image-bg\">\r\n\t\t\t\t<a href=\"https:\/\/dornier-siedlung-neuaubing.de\/?p=1130\">\r\n\t\t\t\t\t<img decoding=\"async\" src=\"https:\/\/dornier-siedlung-neuaubing.de\/wp-content\/uploads\/2025\/04\/20250427_110533-scaled-e1745778974106.jpg\" alt=\"Wei\u00dfwurstessen 2025\" \/>\r\n\t\t\t\t<\/a>\r\n\t\t\t<\/div>\r\n\t\t\r\n\t\t<h2 class=\"wpspw-post-title\">\r\n\t\t\t<a href=\"https:\/\/dornier-siedlung-neuaubing.de\/?p=1130\">Wei\u00dfwurstessen 2025<\/a>\r\n\t\t<\/h2>\r\n\r\n\t\t\t\t\t<div class=\"wpspw-post-date\">\r\n\t\t\t\t27.04.2025\t\t\t<\/div>\r\n\t\t\t\t\t<div class=\"wpspw-post-content\">\r\n\t\t\t\t\t\t\t\t\t<div>\r\n\t\t\t\t\t\tBei sch\u00f6nstem sonnigen Aprilwetter trafen wir uns wieder zum ersten Mal in fr\u00f6hlicher Runde auf dem Schreinereigel\u00e4nde. Das neue Pavillionzelt...\t\t\t\t\t<\/div>\r\n\t\t\t\t\t<a class=\"wpspw-readmorebtn\" href=\"https:\/\/dornier-siedlung-neuaubing.de\/?p=1130\">Read More<\/a>\r\n\t\t\t\t\t\t\t<\/div>\r\n\t\t\t<\/div>\r\n<\/div>\r\n\t\t\t\t\t\t\t<div class=\"wpspw_pagination wpspw-numeric wpspw-clearfix\">\r\n\t\t\t\t\t<span aria-current=\"page\" class=\"page-numbers current\">1<\/span>\n<a class=\"page-numbers\" href=\"https:\/\/dornier-siedlung-neuaubing.de\/index.php?rest_route=%2Fwp%2Fv2%2Fpages%2F12&#038;paged=2\">2<\/a>\n<a class=\"page-numbers\" href=\"https:\/\/dornier-siedlung-neuaubing.de\/index.php?rest_route=%2Fwp%2Fv2%2Fpages%2F12&#038;paged=3\">3<\/a>\n<span class=\"page-numbers dots\">&hellip;<\/span>\n<a class=\"page-numbers\" href=\"https:\/\/dornier-siedlung-neuaubing.de\/index.php?rest_route=%2Fwp%2Fv2%2Fpages%2F12&#038;paged=10\">10<\/a>\n<a class=\"next page-numbers\" href=\"https:\/\/dornier-siedlung-neuaubing.de\/index.php?rest_route=%2Fwp%2Fv2%2Fpages%2F12&#038;paged=2\">Next &raquo;<\/a>\t\t\t\t<\/div>\r\n\t\t\t\t\t<\/div>\r\n\r\n\t\n\n\n\n<p class=\"wp-block-paragraph\"><\/p>\n","protected":false},"excerpt":{"rendered":"","protected":false},"author":1,"featured_media":0,"parent":0,"menu_order":0,"comment_status":"closed","ping_status":"closed","template":"","meta":{"_crdt_document":"","footnotes":""},"class_list":["post-12","page","type-page","status-publish","hentry"],"_links":{"self":[{"href":"https:\/\/dornier-siedlung-neuaubing.de\/index.php?rest_route=\/wp\/v2\/pages\/12","targetHints":{"allow":["GET"]}}],"collection":[{"href":"https:\/\/dornier-siedlung-neuaubing.de\/index.php?rest_route=\/wp\/v2\/pages"}],"about":[{"href":"https:\/\/dornier-siedlung-neuaubing.de\/index.php?rest_route=\/wp\/v2\/types\/page"}],"author":[{"embeddable":true,"href":"https:\/\/dornier-siedlung-neuaubing.de\/index.php?rest_route=\/wp\/v2\/users\/1"}],"replies":[{"embeddable":true,"href":"https:\/\/dornier-siedlung-neuaubing.de\/index.php?rest_route=%2Fwp%2Fv2%2Fcomments&post=12"}],"version-history":[{"count":26,"href":"https:\/\/dornier-siedlung-neuaubing.de\/index.php?rest_route=\/wp\/v2\/pages\/12\/revisions"}],"predecessor-version":[{"id":470,"href":"https:\/\/dornier-siedlung-neuaubing.de\/index.php?rest_route=\/wp\/v2\/pages\/12\/revisions\/470"}],"wp:attachment":[{"href":"https:\/\/dornier-siedlung-neuaubing.de\/index.php?rest_route=%2Fwp%2Fv2%2Fmedia&parent=12"}],"curies":[{"name":"wp","href":"https:\/\/api.w.org\/{rel}","templated":true}]}}